{"id":689,"date":"2021-07-22T11:49:25","date_gmt":"2021-07-22T08:49:25","guid":{"rendered":"https:\/\/karatebgme.wordpress.com\/?page_id=7"},"modified":"2024-11-15T15:36:58","modified_gmt":"2024-11-15T15:36:58","slug":"blog","status":"publish","type":"page","link":"https:\/\/www.karate-bgme.club\/index.php\/blog\/","title":{"rendered":"Fotografii"},"content":{"rendered":"<p><\/p>\r\n<p class=\"is-layout-flow wp-block-cover-is-layout-flow\" style=\"text-align: center;\"><img decoding=\"async\" src=\"http:\/\/karate.ihts.ro\/wp-content\/uploads\/2021\/08\/fb_img_1628252986402-1.jpg\" alt=\"\" data-object-fit=\"cover\" \/><strong style=\"font-size: 1em; text-align: center; background-color: var(--wp--preset--color--foreground); color: var(--wp--preset--color--background); font-family: var(--font-base, 'PT Sans', -apple-system, BlinkMacSystemFont, 'Segoe UI', 'Roboto', 'Oxygen', 'Ubuntu', 'Cantarell', 'Fira Sans', 'Droid Sans', 'Helvetica Neue', sans-serif);\">S\u0103n\u0103tate fizic\u0103 \u0219i echilibru emotional<\/strong><\/p>\r\n<p><\/p>\r\n<p><!-- \/wp:post-content -->\r\n\r\n<!-- wp:spacer {\"height\":64,\"className\":\"desktop-only\"} --><\/p>\r\n<p>&nbsp;<\/p>\r\n<p><!-- \/wp:spacer -->\r\n\r\n<!-- wp:a8c\/blog-posts {\"moreButton\":true,\"showAvatar\":false,\"postsToShow\":10} \/-->\r\n\r\n<!-- wp:separator {\"className\":\"is-style-wide\"} --><\/p>\r\n<hr \/>\r\n<p><!-- \/wp:separator -->\r\n\r\n<!-- wp:heading {\"textAlign\":\"left\",\"level\":3} --><\/p>\r\n<h3>\u00a0<\/h3>\r\n<p><!-- \/wp:heading -->\r\n\r\n<!-- wp:paragraph {\"align\":\"left\"} \/-->\r\n\r\n<!-- wp:gallery {\"ids\":[314,315,316,317,318,319],\"linkTo\":\"none\"} --><\/p>\r\n<figure>\r\n<ul>\r\n<li>\r\n<figure><img decoding=\"async\" src=\"http:\/\/karate.ihts.ro\/wp-content\/uploads\/2021\/08\/fb_img_1628252936263-1.jpg?w=615\" alt=\"\" data-id=\"314\" data-link=\"https:\/\/karate-bgme.club\/fb_img_1628252936263-1\/\" \/><\/figure>\r\n<\/li>\r\n<li>\r\n<figure><img decoding=\"async\" src=\"http:\/\/karate.ihts.ro\/wp-content\/uploads\/2021\/08\/fb_img_1628252947340-1.jpg?w=606\" alt=\"\" data-id=\"315\" data-link=\"https:\/\/karate-bgme.club\/fb_img_1628252947340-1\/\" \/><\/figure>\r\n<\/li>\r\n<li>\r\n<figure><img decoding=\"async\" src=\"http:\/\/karate.ihts.ro\/wp-content\/uploads\/2021\/08\/fb_img_1628251351944-2.jpg?w=640\" alt=\"\" data-id=\"316\" data-link=\"https:\/\/karate-bgme.club\/fb_img_1628251351944-2-2\/\" \/><\/figure>\r\n<\/li>\r\n<li>\r\n<figure><img decoding=\"async\" src=\"http:\/\/karate.ihts.ro\/wp-content\/uploads\/2021\/08\/fb_img_1628251298539-3.jpg?w=1024\" alt=\"\" data-id=\"317\" data-link=\"https:\/\/karate-bgme.club\/fb_img_1628251298539-3-2\/\" \/><\/figure>\r\n<\/li>\r\n<li>\r\n<figure><img decoding=\"async\" src=\"http:\/\/karate.ihts.ro\/wp-content\/uploads\/2021\/08\/fb_img_1628251337502-2.jpg?w=960\" alt=\"\" data-id=\"318\" data-link=\"https:\/\/karate-bgme.club\/fb_img_1628251337502-2-2\/\" \/><\/figure>\r\n<\/li>\r\n<li>\r\n<figure><img decoding=\"async\" src=\"http:\/\/karate.ihts.ro\/wp-content\/uploads\/2021\/08\/fb_img_1628251314734-1.jpg?w=1024\" alt=\"\" data-id=\"319\" data-link=\"https:\/\/karate-bgme.club\/fb_img_1628251314734-1\/\" \/><\/figure>\r\n<\/li>\r\n<\/ul>\r\n<figcaption><strong>Antrenamente \u00een Dojo<\/strong><\/figcaption>\r\n<\/figure>\r\n<p><!-- \/wp:gallery -->\r\n\r\n<!-- wp:gallery {\"ids\":[251,252,250,247,244,245,243,241,242,240,239,222,221,184,183,62,17,40],\"linkTo\":\"none\"} --><\/p>\r\n<figure>\r\n<ul>\r\n<li>\r\n<figure><img decoding=\"async\" src=\"http:\/\/karate.ihts.ro\/wp-content\/uploads\/2021\/08\/img_20200806_002837_751.jpg?w=750\" alt=\"\" data-id=\"251\" \/><\/figure>\r\n<\/li>\r\n<li>\r\n<figure><img decoding=\"async\" src=\"http:\/\/karate.ihts.ro\/wp-content\/uploads\/2021\/08\/20200827_210956.jpg?w=750\" alt=\"\" data-id=\"252\" \/><\/figure>\r\n<\/li>\r\n<li>\r\n<figure><img decoding=\"async\" src=\"http:\/\/karate.ihts.ro\/wp-content\/uploads\/2021\/08\/20200910_223159.jpg?w=750\" alt=\"\" data-id=\"250\" \/><\/figure>\r\n<\/li>\r\n<li>\r\n<figure><img decoding=\"async\" src=\"http:\/\/karate.ihts.ro\/wp-content\/uploads\/2021\/08\/20210108_103228.jpg?w=750\" alt=\"\" data-id=\"247\" \/><\/figure>\r\n<\/li>\r\n<li>\r\n<figure><img decoding=\"async\" src=\"http:\/\/karate.ihts.ro\/wp-content\/uploads\/2021\/08\/20210108_021703.jpg?w=750\" alt=\"\" data-id=\"244\" \/><\/figure>\r\n<\/li>\r\n<li>\r\n<figure><img decoding=\"async\" src=\"http:\/\/karate.ihts.ro\/wp-content\/uploads\/2021\/08\/20210121_211825.jpg?w=750\" alt=\"\" data-id=\"245\" \/><\/figure>\r\n<\/li>\r\n<li>\r\n<figure><img decoding=\"async\" src=\"http:\/\/karate.ihts.ro\/wp-content\/uploads\/2021\/08\/20210125_230928.jpg?w=455\" alt=\"\" data-id=\"243\" \/><\/figure>\r\n<\/li>\r\n<li>\r\n<figure><img decoding=\"async\" src=\"http:\/\/karate.ihts.ro\/wp-content\/uploads\/2021\/08\/20210211_230759.jpg?w=750\" alt=\"\" data-id=\"241\" \/><\/figure>\r\n<\/li>\r\n<li>\r\n<figure><img decoding=\"async\" src=\"http:\/\/karate.ihts.ro\/wp-content\/uploads\/2021\/08\/20210121_225432.jpg?w=750\" alt=\"\" data-id=\"242\" \/><\/figure>\r\n<\/li>\r\n<li>\r\n<figure><img decoding=\"async\" src=\"http:\/\/karate.ihts.ro\/wp-content\/uploads\/2021\/08\/20210213_193617.jpg?w=750\" alt=\"\" data-id=\"240\" \/><\/figure>\r\n<\/li>\r\n<li>\r\n<figure><img decoding=\"async\" src=\"http:\/\/karate.ihts.ro\/wp-content\/uploads\/2021\/08\/fb_img_1606820129695.jpg?w=750\" alt=\"\" data-id=\"239\" \/><\/figure>\r\n<\/li>\r\n<li>\r\n<figure><img decoding=\"async\" src=\"http:\/\/karate.ihts.ro\/wp-content\/uploads\/2021\/08\/20210610_215007.jpg?w=750\" alt=\"\" data-id=\"222\" \/><\/figure>\r\n<\/li>\r\n<li>\r\n<figure><img decoding=\"async\" src=\"http:\/\/karate.ihts.ro\/wp-content\/uploads\/2021\/08\/20210610_214656.jpg?w=750\" alt=\"\" data-id=\"221\" \/><\/figure>\r\n<\/li>\r\n<li>\r\n<figure><img decoding=\"async\" src=\"http:\/\/karate.ihts.ro\/wp-content\/uploads\/2021\/07\/k9-1.jpg?w=750\" alt=\"\" data-id=\"184\" \/><\/figure>\r\n<\/li>\r\n<li>\r\n<figure><img decoding=\"async\" src=\"http:\/\/karate.ihts.ro\/wp-content\/uploads\/2021\/07\/k10-3.jpg?w=750\" alt=\"\" data-id=\"183\" \/><\/figure>\r\n<\/li>\r\n<li>\r\n<figure><img decoding=\"async\" src=\"http:\/\/karate.ihts.ro\/wp-content\/uploads\/2021\/07\/k4.jpg?w=750\" alt=\"\" data-id=\"62\" \/><\/figure>\r\n<\/li>\r\n<li>\r\n<figure><img decoding=\"async\" src=\"http:\/\/karate.ihts.ro\/wp-content\/uploads\/2021\/07\/k3.jpg?w=750\" alt=\"\" data-id=\"40\" \/><\/figure>\r\n<\/li>\r\n<\/ul>\r\n<figcaption>Antrenamente in natura<\/figcaption>\r\n<\/figure>\r\n<p><!-- \/wp:gallery -->\r\n\r\n<!-- wp:gallery {\"ids\":[269,268,267,266,265,264,263,262,261,260,259,258,257,256,255,254,253,249,248,246,237,236,235,234,233,232,231,230,229,228,226,225,224,223,220,219,218,217,216,215,188,186,185,179,180,178,177,61,39,40,17],\"linkTo\":\"none\"} --><\/p>\r\n<figure>\r\n<ul>\r\n<li>\r\n<figure><img decoding=\"async\" src=\"http:\/\/karate.ihts.ro\/wp-content\/uploads\/2021\/08\/img_20190717_110708_321.jpg?w=718\" alt=\"\" data-id=\"269\" \/><\/figure>\r\n<\/li>\r\n<li>\r\n<figure><img decoding=\"async\" src=\"http:\/\/karate.ihts.ro\/wp-content\/uploads\/2021\/08\/20200712_115552.jpg?w=750\" alt=\"\" data-id=\"268\" \/><\/figure>\r\n<\/li>\r\n<li>\r\n<figure><img decoding=\"async\" src=\"http:\/\/karate.ihts.ro\/wp-content\/uploads\/2021\/08\/20200712_120706.jpg?w=750\" alt=\"\" data-id=\"267\" \/><\/figure>\r\n<\/li>\r\n<li>\r\n<figure><img decoding=\"async\" src=\"http:\/\/karate.ihts.ro\/wp-content\/uploads\/2021\/08\/received_871777853590469.jpeg?w=750\" alt=\"\" data-id=\"266\" \/><\/figure>\r\n<\/li>\r\n<li>\r\n<figure><img decoding=\"async\" src=\"http:\/\/karate.ihts.ro\/wp-content\/uploads\/2021\/08\/20200712_120803.jpg?w=750\" alt=\"\" data-id=\"265\" \/><\/figure>\r\n<\/li>\r\n<li>\r\n<figure><img decoding=\"async\" src=\"http:\/\/karate.ihts.ro\/wp-content\/uploads\/2021\/08\/20200711_100739.jpg?w=750\" alt=\"\" data-id=\"264\" \/><\/figure>\r\n<\/li>\r\n<li>\r\n<figure><img decoding=\"async\" src=\"http:\/\/karate.ihts.ro\/wp-content\/uploads\/2021\/08\/20200712_120518.jpg?w=750\" alt=\"\" data-id=\"263\" \/><\/figure>\r\n<\/li>\r\n<li>\r\n<figure><img decoding=\"async\" src=\"http:\/\/karate.ihts.ro\/wp-content\/uploads\/2021\/08\/20200712_121750.jpg?w=750\" alt=\"\" data-id=\"262\" \/><\/figure>\r\n<\/li>\r\n<li>\r\n<figure><img decoding=\"async\" src=\"http:\/\/karate.ihts.ro\/wp-content\/uploads\/2021\/08\/20200712_132643.jpg?w=750\" alt=\"\" data-id=\"261\" \/><\/figure>\r\n<\/li>\r\n<li>\r\n<figure><img decoding=\"async\" src=\"http:\/\/karate.ihts.ro\/wp-content\/uploads\/2021\/08\/20200712_121423.jpg?w=750\" alt=\"\" data-id=\"260\" \/><\/figure>\r\n<\/li>\r\n<li>\r\n<figure><img decoding=\"async\" src=\"http:\/\/karate.ihts.ro\/wp-content\/uploads\/2021\/08\/20200712_123011.jpg?w=750\" alt=\"\" data-id=\"259\" \/><\/figure>\r\n<\/li>\r\n<li>\r\n<figure><img decoding=\"async\" src=\"http:\/\/karate.ihts.ro\/wp-content\/uploads\/2021\/08\/20200712_125433.jpg?w=750\" alt=\"\" data-id=\"258\" \/><\/figure>\r\n<\/li>\r\n<li>\r\n<figure><img decoding=\"async\" src=\"http:\/\/karate.ihts.ro\/wp-content\/uploads\/2021\/08\/20200712_125708.jpg?w=750\" alt=\"\" data-id=\"257\" \/><\/figure>\r\n<\/li>\r\n<li>\r\n<figure><img decoding=\"async\" src=\"http:\/\/karate.ihts.ro\/wp-content\/uploads\/2021\/08\/20200712_130818.jpg?w=750\" alt=\"\" data-id=\"256\" \/><\/figure>\r\n<\/li>\r\n<li>\r\n<figure><img decoding=\"async\" src=\"http:\/\/karate.ihts.ro\/wp-content\/uploads\/2021\/08\/20200927_085127.jpg?w=750\" alt=\"\" data-id=\"255\" \/><\/figure>\r\n<\/li>\r\n<li>\r\n<figure><img decoding=\"async\" src=\"http:\/\/karate.ihts.ro\/wp-content\/uploads\/2021\/08\/20200712_132720.jpg?w=750\" alt=\"\" data-id=\"254\" \/><\/figure>\r\n<\/li>\r\n<li>\r\n<figure><img decoding=\"async\" src=\"http:\/\/karate.ihts.ro\/wp-content\/uploads\/2021\/08\/20200715_115349.jpg?w=750\" alt=\"\" data-id=\"253\" \/><\/figure>\r\n<\/li>\r\n<li>\r\n<figure><img decoding=\"async\" src=\"http:\/\/karate.ihts.ro\/wp-content\/uploads\/2021\/08\/20200927_093033.jpg?w=750\" alt=\"\" data-id=\"249\" \/><\/figure>\r\n<\/li>\r\n<li>\r\n<figure><img decoding=\"async\" src=\"http:\/\/karate.ihts.ro\/wp-content\/uploads\/2021\/08\/20200928_085723.jpg?w=750\" alt=\"\" data-id=\"248\" \/><\/figure>\r\n<\/li>\r\n<li>\r\n<figure><img decoding=\"async\" src=\"http:\/\/karate.ihts.ro\/wp-content\/uploads\/2021\/08\/20200928_085653.jpg?w=750\" alt=\"\" data-id=\"246\" \/><\/figure>\r\n<\/li>\r\n<li>\r\n<figure><img decoding=\"async\" src=\"http:\/\/karate.ihts.ro\/wp-content\/uploads\/2021\/08\/fb_img_1622563837487.jpg?w=750\" alt=\"\" data-id=\"237\" \/><\/figure>\r\n<\/li>\r\n<li>\r\n<figure><img decoding=\"async\" src=\"http:\/\/karate.ihts.ro\/wp-content\/uploads\/2021\/08\/fb_img_1622563861663.jpg?w=750\" alt=\"\" data-id=\"236\" \/><\/figure>\r\n<\/li>\r\n<li>\r\n<figure><img decoding=\"async\" src=\"http:\/\/karate.ihts.ro\/wp-content\/uploads\/2021\/08\/fb_img_1622563770227.jpg?w=750\" alt=\"\" data-id=\"235\" \/><\/figure>\r\n<\/li>\r\n<li>\r\n<figure><img decoding=\"async\" src=\"http:\/\/karate.ihts.ro\/wp-content\/uploads\/2021\/08\/fb_img_1622563763223.jpg?w=750\" alt=\"\" data-id=\"234\" \/><\/figure>\r\n<\/li>\r\n<li>\r\n<figure><img decoding=\"async\" src=\"http:\/\/karate.ihts.ro\/wp-content\/uploads\/2021\/08\/fb_img_1622563799805.jpg?w=750\" alt=\"\" data-id=\"233\" \/><\/figure>\r\n<\/li>\r\n<li>\r\n<figure><img decoding=\"async\" src=\"http:\/\/karate.ihts.ro\/wp-content\/uploads\/2021\/08\/fb_img_1622563783803.jpg?w=750\" alt=\"\" data-id=\"232\" \/><\/figure>\r\n<\/li>\r\n<li>\r\n<figure><img decoding=\"async\" src=\"http:\/\/karate.ihts.ro\/wp-content\/uploads\/2021\/08\/fb_img_1622563752266.jpg?w=750\" alt=\"\" data-id=\"231\" \/><\/figure>\r\n<\/li>\r\n<li>\r\n<figure><img decoding=\"async\" src=\"http:\/\/karate.ihts.ro\/wp-content\/uploads\/2021\/08\/fb_img_1622563795338.jpg?w=750\" alt=\"\" data-id=\"230\" \/><\/figure>\r\n<\/li>\r\n<li>\r\n<figure><img decoding=\"async\" src=\"http:\/\/karate.ihts.ro\/wp-content\/uploads\/2021\/08\/fb_img_1622563873402.jpg?w=750\" alt=\"\" data-id=\"229\" \/><\/figure>\r\n<\/li>\r\n<li>\r\n<figure><img decoding=\"async\" src=\"http:\/\/karate.ihts.ro\/wp-content\/uploads\/2021\/08\/fb_img_1622563810753.jpg?w=750\" alt=\"\" data-id=\"228\" \/><\/figure>\r\n<\/li>\r\n<li>\r\n<figure><img decoding=\"async\" src=\"http:\/\/karate.ihts.ro\/wp-content\/uploads\/2021\/08\/fb_img_1622563814985.jpg?w=750\" alt=\"\" data-id=\"226\" \/><\/figure>\r\n<\/li>\r\n<li>\r\n<figure><img decoding=\"async\" src=\"http:\/\/karate.ihts.ro\/wp-content\/uploads\/2021\/08\/20210709_083622.jpg?w=750\" alt=\"\" data-id=\"225\" \/><\/figure>\r\n<\/li>\r\n<li>\r\n<figure><img decoding=\"async\" src=\"http:\/\/karate.ihts.ro\/wp-content\/uploads\/2021\/08\/20210709_083638.jpg?w=750\" alt=\"\" data-id=\"224\" \/><\/figure>\r\n<\/li>\r\n<li>\r\n<figure><img decoding=\"async\" src=\"http:\/\/karate.ihts.ro\/wp-content\/uploads\/2021\/08\/fb_img_1622563856029.jpg?w=750\" alt=\"\" data-id=\"223\" \/><\/figure>\r\n<\/li>\r\n<li>\r\n<figure><img decoding=\"async\" src=\"http:\/\/karate.ihts.ro\/wp-content\/uploads\/2021\/08\/img-20210711-wa0025.jpg?w=633\" alt=\"\" data-id=\"220\" \/><\/figure>\r\n<\/li>\r\n<li>\r\n<figure><img decoding=\"async\" src=\"http:\/\/karate.ihts.ro\/wp-content\/uploads\/2021\/08\/img-20210711-wa0058.jpg?w=750\" alt=\"\" data-id=\"219\" \/><\/figure>\r\n<\/li>\r\n<li>\r\n<figure><img decoding=\"async\" src=\"http:\/\/karate.ihts.ro\/wp-content\/uploads\/2021\/08\/img-20210711-wa0047.jpg?w=750\" alt=\"\" data-id=\"218\" \/><\/figure>\r\n<\/li>\r\n<li>\r\n<figure><img decoding=\"async\" src=\"http:\/\/karate.ihts.ro\/wp-content\/uploads\/2021\/08\/img-20210711-wa0044.jpg?w=750\" alt=\"\" data-id=\"217\" \/><\/figure>\r\n<\/li>\r\n<li>\r\n<figure><img decoding=\"async\" src=\"http:\/\/karate.ihts.ro\/wp-content\/uploads\/2021\/08\/img-20210711-wa0031.jpg?w=750\" alt=\"\" data-id=\"216\" \/><\/figure>\r\n<\/li>\r\n<li>\r\n<figure><img decoding=\"async\" src=\"http:\/\/karate.ihts.ro\/wp-content\/uploads\/2021\/08\/img-20210711-wa0046.jpg?w=750\" alt=\"\" data-id=\"215\" \/><\/figure>\r\n<\/li>\r\n<li>\r\n<figure><img decoding=\"async\" src=\"http:\/\/karate.ihts.ro\/wp-content\/uploads\/2021\/07\/k5-2.jpg?w=750\" alt=\"\" data-id=\"188\" \/><\/figure>\r\n<\/li>\r\n<li>\r\n<figure><img decoding=\"async\" src=\"http:\/\/karate.ihts.ro\/wp-content\/uploads\/2021\/07\/k7-1.jpg?w=528\" alt=\"\" data-id=\"186\" \/><\/figure>\r\n<\/li>\r\n<li>\r\n<figure><img decoding=\"async\" src=\"http:\/\/karate.ihts.ro\/wp-content\/uploads\/2021\/07\/k8-3.jpg?w=200\" alt=\"\" data-id=\"185\" \/><\/figure>\r\n<\/li>\r\n<li>\r\n<figure><img decoding=\"async\" src=\"http:\/\/karate.ihts.ro\/wp-content\/uploads\/2021\/07\/k17-1.jpg?w=750\" alt=\"\" data-id=\"179\" \/><\/figure>\r\n<\/li>\r\n<li>\r\n<figure><img decoding=\"async\" src=\"http:\/\/karate.ihts.ro\/wp-content\/uploads\/2021\/07\/k16.jpg?w=750\" alt=\"\" data-id=\"180\" \/><\/figure>\r\n<\/li>\r\n<li>\r\n<figure><img decoding=\"async\" src=\"http:\/\/karate.ihts.ro\/wp-content\/uploads\/2021\/07\/k18.jpg?w=750\" alt=\"\" data-id=\"178\" \/><\/figure>\r\n<\/li>\r\n<li>\r\n<figure><img decoding=\"async\" src=\"http:\/\/karate.ihts.ro\/wp-content\/uploads\/2021\/07\/k19.jpg?w=750\" alt=\"\" data-id=\"177\" \/><\/figure>\r\n<\/li>\r\n<li>\r\n<figure><img decoding=\"async\" src=\"http:\/\/karate.ihts.ro\/wp-content\/uploads\/2021\/07\/k5.jpg?w=750\" alt=\"\" data-id=\"61\" \/><\/figure>\r\n<\/li>\r\n<li>\r\n<figure><img decoding=\"async\" src=\"http:\/\/karate.ihts.ro\/wp-content\/uploads\/2021\/07\/mare-1-1.jpg?w=750\" alt=\"\" data-id=\"39\" \/><\/figure>\r\n<\/li>\r\n<li>\r\n<figure><img decoding=\"async\" src=\"http:\/\/karate.ihts.ro\/wp-content\/uploads\/2021\/07\/k3.jpg?w=750\" alt=\"\" data-id=\"40\" \/><\/figure>\r\n<\/li>\r\n<li>\u00a0<\/li>\r\n<\/ul>\r\n<\/figure>\r\n<p><!-- \/wp:gallery --><\/p>","protected":false},"excerpt":{"rendered":"<p>&nbsp; \u00a0 Antrenamente \u00een Dojo Antrenamente in natura \u00a0<\/p>\n","protected":false},"author":2,"featured_media":0,"parent":0,"menu_order":0,"comment_status":"closed","ping_status":"closed","template":"","meta":{"footnotes":""},"class_list":["post-689","page","type-page","status-publish","hentry","entry"],"_links":{"self":[{"href":"https:\/\/www.karate-bgme.club\/index.php\/wp-json\/wp\/v2\/pages\/689","targetHints":{"allow":["GET"]}}],"collection":[{"href":"https:\/\/www.karate-bgme.club\/index.php\/wp-json\/wp\/v2\/pages"}],"about":[{"href":"https:\/\/www.karate-bgme.club\/index.php\/wp-json\/wp\/v2\/types\/page"}],"author":[{"embeddable":true,"href":"https:\/\/www.karate-bgme.club\/index.php\/wp-json\/wp\/v2\/users\/2"}],"replies":[{"embeddable":true,"href":"https:\/\/www.karate-bgme.club\/index.php\/wp-json\/wp\/v2\/comments?post=689"}],"version-history":[{"count":7,"href":"https:\/\/www.karate-bgme.club\/index.php\/wp-json\/wp\/v2\/pages\/689\/revisions"}],"predecessor-version":[{"id":907,"href":"https:\/\/www.karate-bgme.club\/index.php\/wp-json\/wp\/v2\/pages\/689\/revisions\/907"}],"wp:attachment":[{"href":"https:\/\/www.karate-bgme.club\/index.php\/wp-json\/wp\/v2\/media?parent=689"}],"curies":[{"name":"wp","href":"https:\/\/api.w.org\/{rel}","templated":true}]}}